{"id":3437,"date":"2017-01-04T14:39:55","date_gmt":"2017-01-04T16:39:55","guid":{"rendered":"http:\/\/casasindico.com.br\/loja\/?page_id=3437"},"modified":"2017-06-19T15:55:24","modified_gmt":"2017-06-19T18:55:24","slug":"politica-de-trocas","status":"publish","type":"page","link":"http:\/\/casasindico.com.br\/loja\/politica-de-trocas\/","title":{"rendered":"Pol\u00edtica de Trocas"},"content":{"rendered":"<p><script type=\"text\/javascript\">\n\/* <![CDATA[ *\/\nvar google_conversion_id = 871464551;\nvar google_custom_params = window.google_tag_params;\nvar google_remarketing_only = true;\n\/* ]]> *\/\n<\/script><br \/>\n<script type=\"text\/javascript\" src=\"\/\/www.googleadservices.com\/pagead\/conversion.js\">\n<\/script><br \/>\n<noscript><\/p>\n<div style=\"display:inline;\">\n<img loading=\"lazy\" height=\"1\" width=\"1\" style=\"border-style:none;\" alt=\"\" src=\"\/\/googleads.g.doubleclick.net\/pagead\/viewthroughconversion\/871464551\/?guid=ON&amp;script=0\"\/>\n<\/div>\n<p><\/noscript><br \/>\nNosso maior desejo \u00e9 fazer com que nossos clientes se sintam inteiramente satisfeitos. Para tanto, se voc\u00ea se arrependeu de alguma compra, entre em contato com a nossa central de atendimento em at\u00e9 7 (sete) dias a partir da data da entrega que teremos a melhor solu\u00e7\u00e3o para voc\u00ea.<\/p>\n<p><strong>Devolu\u00e7\u00f5es:<\/strong><\/p>\n<p>Se voc\u00ea simplesmente se arrependeu da compra e quer seu dinheiro de volta, o valor do produto ser\u00e1 restitu\u00eddo na pr\u00f3xima fatura do cart\u00e3o de cr\u00e9dito utilizado. Em casos de pagamentos atrav\u00e9s de boletos, a restitui\u00e7\u00e3o ser\u00e1 em sua conta corrente em at\u00e9 30 dias.<\/p>\n<p><strong>Produtos com defeito:<\/strong><\/p>\n<p>Se o produto recebido apresentar algum defeito, voc\u00ea deve seguir o mesmo procedimento de troca, entrando em contato com a nossa central de atendimento em at\u00e9 7 (sete) dias a partir da data da entrega. O defeito ser\u00e1 analisado pela nossa equipe\u00a0t\u00e9cnica e comprovado o defeito, o produto ser\u00e1 substitu\u00eddo dentro de um prazo m\u00e1ximo de 30 dias.<\/p>\n<p>Se houver vest\u00edgios de que o produto apresentou defeito decorrente de mau uso n\u00e3o efetuaremos a troca. O PRAZO M\u00c1XIMO PARA TROCA POR INSATISFA\u00c7\u00c3O \u00c9 DE 7 DIAS.<\/p>\n","protected":false},"excerpt":{"rendered":"<p>Nosso maior desejo \u00e9 fazer com que nossos clientes se sintam inteiramente satisfeitos. Para tanto, se voc\u00ea se arrependeu de alguma compra, entre em contato com [&hellip;]<\/p>\n","protected":false},"author":1,"featured_media":0,"parent":0,"menu_order":0,"comment_status":"closed","ping_status":"closed","template":"","meta":[],"_links":{"self":[{"href":"http:\/\/casasindico.com.br\/loja\/wp-json\/wp\/v2\/pages\/3437"}],"collection":[{"href":"http:\/\/casasindico.com.br\/loja\/wp-json\/wp\/v2\/pages"}],"about":[{"href":"http:\/\/casasindico.com.br\/loja\/wp-json\/wp\/v2\/types\/page"}],"author":[{"embeddable":true,"href":"http:\/\/casasindico.com.br\/loja\/wp-json\/wp\/v2\/users\/1"}],"replies":[{"embeddable":true,"href":"http:\/\/casasindico.com.br\/loja\/wp-json\/wp\/v2\/comments?post=3437"}],"version-history":[{"count":2,"href":"http:\/\/casasindico.com.br\/loja\/wp-json\/wp\/v2\/pages\/3437\/revisions"}],"predecessor-version":[{"id":4556,"href":"http:\/\/casasindico.com.br\/loja\/wp-json\/wp\/v2\/pages\/3437\/revisions\/4556"}],"wp:attachment":[{"href":"http:\/\/casasindico.com.br\/loja\/wp-json\/wp\/v2\/media?parent=3437"}],"curies":[{"name":"wp","href":"https:\/\/api.w.org\/{rel}","templated":true}]}}