{"id":35,"date":"2016-12-28T16:48:18","date_gmt":"2016-12-28T18:48:18","guid":{"rendered":"http:\/\/casasindico.com.br\/loja\/?page_id=35"},"modified":"2017-06-19T15:56:49","modified_gmt":"2017-06-19T18:56:49","slug":"prazos-de-entrega","status":"publish","type":"page","link":"http:\/\/casasindico.com.br\/loja\/prazos-de-entrega\/","title":{"rendered":"Prazos de Entrega"},"content":{"rendered":"<p><script type=\"text\/javascript\">\n\/* <![CDATA[ *\/\nvar google_conversion_id = 871464551;\nvar google_custom_params = window.google_tag_params;\nvar google_remarketing_only = true;\n\/* ]]> *\/\n<\/script><br \/>\n<script type=\"text\/javascript\" src=\"\/\/www.googleadservices.com\/pagead\/conversion.js\">\n<\/script><br \/>\n<noscript><\/p>\n<div style=\"display:inline;\">\n<img loading=\"lazy\" height=\"1\" width=\"1\" style=\"border-style:none;\" alt=\"\" src=\"\/\/googleads.g.doubleclick.net\/pagead\/viewthroughconversion\/871464551\/?guid=ON&amp;script=0\"\/>\n<\/div>\n<p><\/noscript><br \/>\nEntregamos em todo o Brasil atrav\u00e9s dos Correios.Os prazos de entrega dos produtos variam de acordo com o endere\u00e7o do destinat\u00e1rio e o tipo de frete escolhido.Sedex \u2013 entrega em at\u00e9 4 dias \u00fateis para capitais e at\u00e9 6 dias \u00fateis para cidades do interior;<br \/>\nPAC \u2013 entrega de 5 a 10 dias \u00fateis de acordo com a cidade;<br \/>\nSedex10 \u2013 entrega no endere\u00e7o do destinat\u00e1rio at\u00e9 \u00e0s 10 horas do dia \u00fatil seguinte ao da postagem<\/p>\n<p>\u2013\u00a0<strong>Aten\u00e7\u00e3o!\u00a0<\/strong><br \/>\nNem toda localidade que admite postagem de SEDEX 10 \u00e9 localidade de entrega.<br \/>\nMesmo no \u00e2mbito de uma cidade que realiza o servi\u00e7o, deve ser verificada a faixa de CEP definida para a localidade.Importante: estes prazos s\u00e3o v\u00e1lidos ap\u00f3s o pagamento ser liberado pela institui\u00e7\u00e3o financeira.Aten\u00e7\u00e3o: ap\u00f3s a 2\u00aa (segunda) tentativa de entrega, caso n\u00e3o haja algu\u00e9m para receber, os Correios devolver\u00e3o o pedido. Para que o pedido seja enviado novamente, ser\u00e1 cobrado novo frete. A taxa do frete paga no primeiro envio n\u00e3o \u00e9 reembolsada, pois houve tentativa de entrega.<\/p>\n<p>Vale ressaltar que o prazo de entrega informado na sacola de compras \u00e9 contado a partir da data de confirma\u00e7\u00e3o do pagamento o que pode levar ate 48h em caso de pagamento por boleto.<br \/>\n* Prazo a partir da postagem do produto, sujeito a altera\u00e7\u00f5es em virtude de prazos estabelecidos pelos Correios.<\/p>\n","protected":false},"excerpt":{"rendered":"<p>Entregamos em todo o Brasil atrav\u00e9s dos Correios.Os prazos de entrega dos produtos variam de acordo com o endere\u00e7o do destinat\u00e1rio e o tipo de frete [&hellip;]<\/p>\n","protected":false},"author":1,"featured_media":0,"parent":0,"menu_order":0,"comment_status":"closed","ping_status":"closed","template":"","meta":[],"_links":{"self":[{"href":"http:\/\/casasindico.com.br\/loja\/wp-json\/wp\/v2\/pages\/35"}],"collection":[{"href":"http:\/\/casasindico.com.br\/loja\/wp-json\/wp\/v2\/pages"}],"about":[{"href":"http:\/\/casasindico.com.br\/loja\/wp-json\/wp\/v2\/types\/page"}],"author":[{"embeddable":true,"href":"http:\/\/casasindico.com.br\/loja\/wp-json\/wp\/v2\/users\/1"}],"replies":[{"embeddable":true,"href":"http:\/\/casasindico.com.br\/loja\/wp-json\/wp\/v2\/comments?post=35"}],"version-history":[{"count":4,"href":"http:\/\/casasindico.com.br\/loja\/wp-json\/wp\/v2\/pages\/35\/revisions"}],"predecessor-version":[{"id":4557,"href":"http:\/\/casasindico.com.br\/loja\/wp-json\/wp\/v2\/pages\/35\/revisions\/4557"}],"wp:attachment":[{"href":"http:\/\/casasindico.com.br\/loja\/wp-json\/wp\/v2\/media?parent=35"}],"curies":[{"name":"wp","href":"https:\/\/api.w.org\/{rel}","templated":true}]}}