{"id":3842,"date":"2017-02-20T09:57:48","date_gmt":"2017-02-20T12:57:48","guid":{"rendered":"http:\/\/casasindico.com.br\/loja\/?post_type=product&#038;p=3842"},"modified":"2022-01-12T10:28:27","modified_gmt":"2022-01-12T13:28:27","slug":"central-inversora-para-portoes-eletronicos","status":"publish","type":"product","link":"http:\/\/casasindico.com.br\/loja\/produto\/central-inversora-para-portoes-eletronicos\/","title":{"rendered":"CENTRAL ACELERADORA DE PORT\u00c3O ELETR\u00d4NICO &#8211; CENTER G"},"content":{"rendered":"","protected":false},"excerpt":{"rendered":"<p><strong>Aplica\u00e7\u00f5es:<\/strong><\/p>\n<p>Utilizada para aumentar a velocidade de deslocamento (abertura\/fechamento) de port\u00f5es eletr\u00f4nicos automatizados.<\/p>\n<p><strong>Caracter\u00edsticas:<\/strong><\/p>\n<ul>\n<li>Marca: Center G<\/li>\n<li>Modelo: CG020<\/li>\n<\/ul>\n<p>&nbsp;<\/p>\n<p><em><strong>Assista aos v\u00eddeos que demonstram o resultado da instala\u00e7\u00e3o desta placa.<\/strong><\/em><\/p>\n[video width=\"640\" height=\"352\" mp4=\"http:\/\/casasindico.com.br\/loja\/wp-content\/uploads\/2017\/02\/port\u00e3o-placa-center-g-1.mp4\"][\/video]\n[video width=\"640\" height=\"352\" mp4=\"http:\/\/casasindico.com.br\/loja\/wp-content\/uploads\/2017\/02\/port\u00e3o-placa-center-g-2.mp4\"][\/video]\n<p>&nbsp;<\/p>\n<p><em><strong>Solicite um or\u00e7amento:<\/strong><\/em><br \/>\n(51) 3342-5748<br \/>\n(51) 9597-3256\u00a0<strong>whatsapp<\/strong><\/p>\n","protected":false},"featured_media":4246,"comment_status":"open","ping_status":"closed","template":"","meta":[],"_links":{"self":[{"href":"http:\/\/casasindico.com.br\/loja\/wp-json\/wp\/v2\/product\/3842"}],"collection":[{"href":"http:\/\/casasindico.com.br\/loja\/wp-json\/wp\/v2\/product"}],"about":[{"href":"http:\/\/casasindico.com.br\/loja\/wp-json\/wp\/v2\/types\/product"}],"replies":[{"embeddable":true,"href":"http:\/\/casasindico.com.br\/loja\/wp-json\/wp\/v2\/comments?post=3842"}],"wp:featuredmedia":[{"embeddable":true,"href":"http:\/\/casasindico.com.br\/loja\/wp-json\/wp\/v2\/media\/4246"}],"wp:attachment":[{"href":"http:\/\/casasindico.com.br\/loja\/wp-json\/wp\/v2\/media?parent=3842"}],"curies":[{"name":"wp","href":"https:\/\/api.w.org\/{rel}","templated":true}]}}