{"id":4132,"date":"2017-09-28T17:52:08","date_gmt":"2017-09-28T20:52:08","guid":{"rendered":"http:\/\/casasindico.com.br\/loja\/?post_type=product&#038;p=4132"},"modified":"2022-01-12T10:40:10","modified_gmt":"2022-01-12T13:40:10","slug":"luminaria-de-emergencia","status":"publish","type":"product","link":"http:\/\/casasindico.com.br\/loja\/produto\/luminaria-de-emergencia\/","title":{"rendered":"LUMIN\u00c1RIA DE EMERG\u00caNCIA"},"content":{"rendered":"","protected":false},"excerpt":{"rendered":"<p><strong>Caracter\u00edsticas:<\/strong><\/p>\n<ul>\n<li>Marca: Power Lux<\/li>\n<li>Modelo: Auto brilho<\/li>\n<li>Intensidade M\u00e1x: 42 LED&#8217;s &#8211; 16 Lux<\/li>\n<li>Intensidade M\u00edn: 16 LED&#8217;s &#8211; 10 Lux<\/li>\n<li>Consumo m\u00e1x: 3 W<\/li>\n<\/ul>\n<p>&nbsp;<\/p>\n<p><strong><em>Solicite um or\u00e7amento:<\/em><\/strong><br \/>\n(51) 3342-5748<br \/>\n(51) 9597-3256\u00a0<strong>whatsapp<\/strong><\/p>\n","protected":false},"featured_media":4133,"comment_status":"open","ping_status":"closed","template":"","meta":[],"_links":{"self":[{"href":"http:\/\/casasindico.com.br\/loja\/wp-json\/wp\/v2\/product\/4132"}],"collection":[{"href":"http:\/\/casasindico.com.br\/loja\/wp-json\/wp\/v2\/product"}],"about":[{"href":"http:\/\/casasindico.com.br\/loja\/wp-json\/wp\/v2\/types\/product"}],"replies":[{"embeddable":true,"href":"http:\/\/casasindico.com.br\/loja\/wp-json\/wp\/v2\/comments?post=4132"}],"wp:featuredmedia":[{"embeddable":true,"href":"http:\/\/casasindico.com.br\/loja\/wp-json\/wp\/v2\/media\/4133"}],"wp:attachment":[{"href":"http:\/\/casasindico.com.br\/loja\/wp-json\/wp\/v2\/media?parent=4132"}],"curies":[{"name":"wp","href":"https:\/\/api.w.org\/{rel}","templated":true}]}}