{"id":4588,"date":"2017-09-04T16:31:51","date_gmt":"2017-09-04T19:31:51","guid":{"rendered":"http:\/\/casasindico.com.br\/loja\/?post_type=product&#038;p=4588"},"modified":"2022-01-12T10:40:11","modified_gmt":"2022-01-12T13:40:11","slug":"hd-purple-cftv-1tb","status":"publish","type":"product","link":"http:\/\/casasindico.com.br\/loja\/produto\/hd-purple-cftv-1tb\/","title":{"rendered":"HD 1TB PURPLE &#8211; WESTERN DIGITAL"},"content":{"rendered":"","protected":false},"excerpt":{"rendered":"<p>Constru\u00eddo para sistemas de seguran\u00e7a de alta defini\u00e7\u00e3o com opera\u00e7\u00e3o inintrrupta.\u00a0Com suporte a uma carga de trabalho nominal de at\u00e9 180 TB\/ano\u00a0e suporte para at\u00e9 64 c\u00e2meras. As unidades WD Purple s\u00e3o otimizadas para sistemas de vigil\u00e2ncia.<\/p>\n<p><strong>Caracter\u00edsticas:<\/strong><\/p>\n<ul>\n<li>Marca: Western Digital<\/li>\n<li>Velocidade de rota\u00e7\u00e3o: 5400 RPM<\/li>\n<li>Interface: SATA<\/li>\n<li>Tecnologia: Disco r\u00edgido<\/li>\n<li>Dimens\u00e3o do HD: 3.5&#8243;<\/li>\n<li>Cache: 64 MB<\/li>\n<li>Capacidade: 1 TB<\/li>\n<li>Tipo de drive: Interno<\/li>\n<\/ul>\n<p>&nbsp;<\/p>\n<p><em><strong>Solicite um or\u00e7amento:<\/strong><\/em><br \/>\n(51) 3342-5748<br \/>\n(51) 9597-3256\u00a0<strong>whatsapp<\/strong><\/p>\n","protected":false},"featured_media":4608,"comment_status":"open","ping_status":"closed","template":"","meta":[],"_links":{"self":[{"href":"http:\/\/casasindico.com.br\/loja\/wp-json\/wp\/v2\/product\/4588"}],"collection":[{"href":"http:\/\/casasindico.com.br\/loja\/wp-json\/wp\/v2\/product"}],"about":[{"href":"http:\/\/casasindico.com.br\/loja\/wp-json\/wp\/v2\/types\/product"}],"replies":[{"embeddable":true,"href":"http:\/\/casasindico.com.br\/loja\/wp-json\/wp\/v2\/comments?post=4588"}],"wp:featuredmedia":[{"embeddable":true,"href":"http:\/\/casasindico.com.br\/loja\/wp-json\/wp\/v2\/media\/4608"}],"wp:attachment":[{"href":"http:\/\/casasindico.com.br\/loja\/wp-json\/wp\/v2\/media?parent=4588"}],"curies":[{"name":"wp","href":"https:\/\/api.w.org\/{rel}","templated":true}]}}