{"id":4593,"date":"2017-09-08T14:26:43","date_gmt":"2017-09-08T17:26:43","guid":{"rendered":"http:\/\/casasindico.com.br\/loja\/?post_type=product&#038;p=4593"},"modified":"2022-01-12T10:40:10","modified_gmt":"2022-01-12T13:40:10","slug":"fonte-12v1a-jsa","status":"publish","type":"product","link":"http:\/\/casasindico.com.br\/loja\/produto\/fonte-12v1a-jsa\/","title":{"rendered":"FONTE 12V\/1A &#8211; JSA"},"content":{"rendered":"","protected":false},"excerpt":{"rendered":"<p><strong>Caracter\u00edsticas:<\/strong><\/p>\n<p>\u2022 Alimenta\u00e7\u00e3o: Full Range &#8211; 90 a 250 Vac<br \/>\n\u2022 Frequ\u00eancia de opera\u00e7\u00e3o: 47 a 64 Hz<br \/>\n\u2022 Bivolt Autom\u00e1tico<br \/>\n\u2022 Plug P4 2,1mm<\/p>\n<p><strong>Dimens\u00f5es:<\/strong><\/p>\n<p>\u2022 Comprimento: 60 mm<br \/>\n\u2022 Largura: 42 mm<br \/>\n\u2022 Altura: 35 mm<br \/>\n\u2022 Peso: 10 Gramas (Com cabos)<\/p>\n<p>&nbsp;<\/p>\n<p><em><strong>Solicite um or\u00e7amento:<\/strong><\/em><br \/>\n(51) 3342-5748<br \/>\n(51) 9597-3256\u00a0<strong>whatsapp<\/strong><\/p>\n","protected":false},"featured_media":4606,"comment_status":"open","ping_status":"closed","template":"","meta":[],"_links":{"self":[{"href":"http:\/\/casasindico.com.br\/loja\/wp-json\/wp\/v2\/product\/4593"}],"collection":[{"href":"http:\/\/casasindico.com.br\/loja\/wp-json\/wp\/v2\/product"}],"about":[{"href":"http:\/\/casasindico.com.br\/loja\/wp-json\/wp\/v2\/types\/product"}],"replies":[{"embeddable":true,"href":"http:\/\/casasindico.com.br\/loja\/wp-json\/wp\/v2\/comments?post=4593"}],"wp:featuredmedia":[{"embeddable":true,"href":"http:\/\/casasindico.com.br\/loja\/wp-json\/wp\/v2\/media\/4606"}],"wp:attachment":[{"href":"http:\/\/casasindico.com.br\/loja\/wp-json\/wp\/v2\/media?parent=4593"}],"curies":[{"name":"wp","href":"https:\/\/api.w.org\/{rel}","templated":true}]}}